{"id":2,"date":"2014-01-19T15:30:32","date_gmt":"2014-01-19T13:30:32","guid":{"rendered":"http:\/\/www.fabels-tierglueck.de\/CMS\/?page_id=2"},"modified":"2023-02-07T12:43:49","modified_gmt":"2023-02-07T11:43:49","slug":"home","status":"publish","type":"page","link":"https:\/\/www.fabels-tierglueck.de\/CMS\/","title":{"rendered":"Home"},"content":{"rendered":"<p><span style=\"color: #006600; font-size: x-large;\"><em><span style=\"color: #ff0000;\"><strong>Fabel <\/strong><\/span><\/em><strong>haft, dass Sie bei mir vorbei schauen! Sch\u00f6n`gauden Dach! <\/strong> <\/span><\/p>\n<p style=\"text-align: left;\"><span style=\"font-size: medium;\">Sie halten landwirtschaftliche Nutztiere und wollen, dass es ihnen gut geht? <\/span><span style=\"font-size: medium;\">Ich helfe Ihnen bei Problemen und unterst\u00fctze Sie gerne! <\/span><\/p>\n<p><span style=\"font-size: medium;\">Sie haben&nbsp;die M\u00f6glichkeit, per <\/span><\/p>\n<ul>\n<li><strong><span style=\"font-size: medium;\"><em><span style=\"color: #006600;\">Telefon<\/span><\/em>&nbsp;<\/span><\/strong><\/li>\n<li><strong><span style=\"font-size: medium;\"><span style=\"color: #006600;\"><em>E-Mailkontakt <\/em><\/span><\/span><\/strong><\/li>\n<\/ul>\n<p><span style=\"font-size: medium;\">mir Ihre Sorgen mitzuteilen \u2013 ich bin f\u00fcr Sie da! <\/span><span style=\"font-size: medium;\">Nat\u00fcrlich k\u00f6nnen Sie die angebotenen Produkte auch bestellen. <\/span> <span style=\"font-size: medium;\">Informieren Sie sich doch \u00fcber die Angebote auf meinen folgenden Seiten!<\/span> <span style=\"font-size: medium;\">Selbstverst\u00e4ndlich stehe ich Ihnen auch weiterhin pers\u00f6nlich, f\u00fcr eine Vorort-Beratung zur Verf\u00fcgung.<\/span><\/p>\n<p><span style=\"font-size: medium;\"><span style=\"color: #006600; font-size: x-large;\"><img loading=\"lazy\" decoding=\"async\" class=\"wp-image-1067 size-medium aligncenter\" style=\"color: #333333; font-size: 16px;\" src=\"https:\/\/www.fabels-tierglueck.de\/CMS\/wp-content\/uploads\/2021\/02\/kuh_comic_neu-300x225.png\" alt=\"\" width=\"300\" height=\"225\" srcset=\"https:\/\/www.fabels-tierglueck.de\/CMS\/wp-content\/uploads\/2021\/02\/kuh_comic_neu-300x225.png 300w, https:\/\/www.fabels-tierglueck.de\/CMS\/wp-content\/uploads\/2021\/02\/kuh_comic_neu-232x174.png 232w, https:\/\/www.fabels-tierglueck.de\/CMS\/wp-content\/uploads\/2021\/02\/kuh_comic_neu.png 600w\" sizes=\"auto, (max-width: 300px) 100vw, 300px\" \/><strong>Tsch\u00fc\u00df, oewer wi seihn uns&nbsp; ja noch!<\/strong><\/span> <\/span><span style=\"font-size: xx-small;\"><strong> &nbsp; <\/strong><\/span><\/p>\n<p><span style=\"font-size: small;\">Es gelten die allgemeinen Gesch\u00e4ftsbedingungen der einzelnen Firmen, deren Produkte ich vermittle und vertrete. Diese k\u00f6nnen auf Anfrage per E-mail zugesandt werden.<\/span><\/p>\n<div class='dropshadowboxes-container ' style='width:auto;'>\r\n                            <div class='dropshadowboxes-drop-shadow dropshadowboxes-rounded-corners dropshadowboxes-inside-and-outside-shadow dropshadowboxes-lifted-both dropshadowboxes-effect-default' style=' border: 1px solid #dddddd; height:; background-color:#edeaea;    '>\r\n                            <\/p>\n<h3 style=\"text-align: center;\">Landwirtschafts-News:<\/h3>\n<p>\r\n                            <\/div>\r\n                        <\/div>\n<div class='dropshadowboxes-container ' style='width:auto;'>\r\n                            <div class='dropshadowboxes-drop-shadow dropshadowboxes-rounded-corners dropshadowboxes-inside-and-outside-shadow dropshadowboxes-lifted-both dropshadowboxes-effect-default' style=' border: 1px solid #dddddd; height:; background-color:#ffffff;    '>\r\n                            <div class=\"wpra-display align\" data-display-id=\"1\" hx-target=\"this\" hx-swap=\"outerHTML\">    <div class=\"wp-rss-aggregator wpra-list-template \">\n        <ul class=\"rss-aggregator wpra-item-list wpra-item-list--bullets wpra-item-list--default\" start=\"1\">\n                <li class=\"wpra-item feed-item \">\n        <a href=\"https:\/\/www.shz.de\/deutschland-welt\/schleswig-holstein\/artikel\/drohnen-und-ki-verbessern-landwirtschaft-in-schleswig-holstein-49618805\" class=\"\" target=\"_blank\" rel=\"noopener noreferrer nofollow\" style=\"\">Drohnen und KI verbessern Landwirtschaft in Schleswig-Holstein<\/a>\n\n        <div class=\"wprss-feed-meta\">\n                <span class=\"feed-source\">\n        Source: <a href=\"http:\/\/www.bing.com\/news\/search?q=Landwirtschaft&amp;go=Senden&amp;qs=n&amp;form=QBNT&amp;pq=Landwirtschaft&amp;sc=0-15&amp;sp=-1&amp;sk=&amp;format=RSS\" class=\"\" target=\"_blank\" rel=\"noopener noreferrer nofollow\" style=\"\">FTG-Info Landwirtschaft<\/a>\n    <\/span>\n                <span class=\"feed-date\">\n        Published on: 2025-12-08\n    <\/span>\n            \n        <\/div>\n\n        \n    <\/li>    <li class=\"wpra-item feed-item \">\n        <a href=\"https:\/\/www.ndr.de\/nachrichten\/schleswig-holstein\/dithmarschen_steinburg\/hohenlockstedt-foerderung-fuer-innovationen-in-der-landwirtschaft,regionheidenews-1442.html\" class=\"\" target=\"_blank\" rel=\"noopener noreferrer nofollow\" style=\"\">Hohenlockstedt: F\u00f6rderung f\u00fcr Innovationen in der Landwirtschaft<\/a>\n\n        <div class=\"wprss-feed-meta\">\n                <span class=\"feed-source\">\n        Source: <a href=\"http:\/\/www.bing.com\/news\/search?q=Landwirtschaft&amp;go=Senden&amp;qs=n&amp;form=QBNT&amp;pq=Landwirtschaft&amp;sc=0-15&amp;sp=-1&amp;sk=&amp;format=RSS\" class=\"\" target=\"_blank\" rel=\"noopener noreferrer nofollow\" style=\"\">FTG-Info Landwirtschaft<\/a>\n    <\/span>\n                <span class=\"feed-date\">\n        Published on: 2025-12-08\n    <\/span>\n            \n        <\/div>\n\n        \n    <\/li>    <li class=\"wpra-item feed-item \">\n        <a href=\"https:\/\/www.cash.ch\/news\/bucher-ceo-landwirtschaft-in-europa-zeigt-steigende-investitionsfreude-889009\" class=\"\" target=\"_blank\" rel=\"noopener noreferrer nofollow\" style=\"\">Bucher-CEO: Landwirtschaft in Europa zeigt steigende Investitionsfreude<\/a>\n\n        <div class=\"wprss-feed-meta\">\n                <span class=\"feed-source\">\n        Source: <a href=\"http:\/\/www.bing.com\/news\/search?q=Landwirtschaft&amp;go=Senden&amp;qs=n&amp;form=QBNT&amp;pq=Landwirtschaft&amp;sc=0-15&amp;sp=-1&amp;sk=&amp;format=RSS\" class=\"\" target=\"_blank\" rel=\"noopener noreferrer nofollow\" style=\"\">FTG-Info Landwirtschaft<\/a>\n    <\/span>\n                <span class=\"feed-date\">\n        Published on: 2025-12-08\n    <\/span>\n            \n        <\/div>\n\n        \n    <\/li>    <li class=\"wpra-item feed-item \">\n        <a href=\"https:\/\/www.sueddeutsche.de\/wirtschaft\/innovation-fuer-landwirtschaft-wenn-weihnachtbaeume-unter-aufsicht-von-drohnen-wachsen-dpa.urn-newsml-dpa-com-20090101-251208-930-395626\" class=\"\" target=\"_blank\" rel=\"noopener noreferrer nofollow\" style=\"\">Innovation f\u00fcr Landwirtschaft - Wenn Weihnachtb\u00e4ume unter Aufsicht von Drohnen wachsen<\/a>\n\n        <div class=\"wprss-feed-meta\">\n                <span class=\"feed-source\">\n        Source: <a href=\"http:\/\/www.bing.com\/news\/search?q=Landwirtschaft&amp;go=Senden&amp;qs=n&amp;form=QBNT&amp;pq=Landwirtschaft&amp;sc=0-15&amp;sp=-1&amp;sk=&amp;format=RSS\" class=\"\" target=\"_blank\" rel=\"noopener noreferrer nofollow\" style=\"\">FTG-Info Landwirtschaft<\/a>\n    <\/span>\n                <span class=\"feed-date\">\n        Published on: 2025-12-08\n    <\/span>\n            \n        <\/div>\n\n        \n    <\/li>    <li class=\"wpra-item feed-item \">\n        <a href=\"https:\/\/www.zeit.de\/news\/2025-12\/08\/eu-gibt-knapp-2-5-millionen-fuer-agrar-projekte-im-norden\" class=\"\" target=\"_blank\" rel=\"noopener noreferrer nofollow\" style=\"\">Innovation f\u00fcr Landwirtschaft: EU gibt knapp 2,5 Millionen f\u00fcr Agrar-Projekte im Norden<\/a>\n\n        <div class=\"wprss-feed-meta\">\n                <span class=\"feed-source\">\n        Source: <a href=\"http:\/\/www.bing.com\/news\/search?q=Landwirtschaft&amp;go=Senden&amp;qs=n&amp;form=QBNT&amp;pq=Landwirtschaft&amp;sc=0-15&amp;sp=-1&amp;sk=&amp;format=RSS\" class=\"\" target=\"_blank\" rel=\"noopener noreferrer nofollow\" style=\"\">FTG-Info Landwirtschaft<\/a>\n    <\/span>\n                <span class=\"feed-date\">\n        Published on: 2025-12-08\n    <\/span>\n            \n        <\/div>\n\n        \n    <\/li>    <li class=\"wpra-item feed-item \">\n        <a href=\"https:\/\/www1.wdr.de\/lokalzeit\/landwirtschaft\/landschafft\/reken-landwirtschaft-bauernhof-biogas-energieversorgung-100.html\" class=\"\" target=\"_blank\" rel=\"noopener noreferrer nofollow\" style=\"\">So clever nutzt dieser Bauernhof Biogas<\/a>\n\n        <div class=\"wprss-feed-meta\">\n                <span class=\"feed-source\">\n        Source: <a href=\"http:\/\/www.bing.com\/news\/search?q=Landwirtschaft&amp;go=Senden&amp;qs=n&amp;form=QBNT&amp;pq=Landwirtschaft&amp;sc=0-15&amp;sp=-1&amp;sk=&amp;format=RSS\" class=\"\" target=\"_blank\" rel=\"noopener noreferrer nofollow\" style=\"\">FTG-Info Landwirtschaft<\/a>\n    <\/span>\n                <span class=\"feed-date\">\n        Published on: 2025-12-08\n    <\/span>\n            \n        <\/div>\n\n        \n    <\/li>    <li class=\"wpra-item feed-item \">\n        <a href=\"https:\/\/www.topagrar.com\/management-und-politik\/news\/paetow-wie-ein-gescheiterter-green-deal-zum-neustart-wird-20020744.html\" class=\"\" target=\"_blank\" rel=\"noopener noreferrer nofollow\" style=\"\">DLG-Pr\u00e4sident Hubertus Paetow: Wie ein gescheiterter Green Deal zum Neustart f\u00fcr die Landwirtschaft wird<\/a>\n\n        <div class=\"wprss-feed-meta\">\n                <span class=\"feed-source\">\n        Source: <a href=\"http:\/\/www.bing.com\/news\/search?q=Landwirtschaft&amp;go=Senden&amp;qs=n&amp;form=QBNT&amp;pq=Landwirtschaft&amp;sc=0-15&amp;sp=-1&amp;sk=&amp;format=RSS\" class=\"\" target=\"_blank\" rel=\"noopener noreferrer nofollow\" style=\"\">FTG-Info Landwirtschaft<\/a>\n    <\/span>\n                <span class=\"feed-date\">\n        Published on: 2025-12-08\n    <\/span>\n            \n        <\/div>\n\n        \n    <\/li>    <li class=\"wpra-item feed-item \">\n        <a href=\"https:\/\/www.zeit.de\/wirtschaft\/2025-12\/gentechnik-eu-lebensmittel-lockerung\" class=\"\" target=\"_blank\" rel=\"noopener noreferrer nofollow\" style=\"\">Landwirtschaft: EU-Staaten lockern Gentechnikregeln f\u00fcr Lebensmittel<\/a>\n\n        <div class=\"wprss-feed-meta\">\n                <span class=\"feed-source\">\n        Source: <a href=\"http:\/\/www.bing.com\/news\/search?q=Landwirtschaft&amp;go=Senden&amp;qs=n&amp;form=QBNT&amp;pq=Landwirtschaft&amp;sc=0-15&amp;sp=-1&amp;sk=&amp;format=RSS\" class=\"\" target=\"_blank\" rel=\"noopener noreferrer nofollow\" style=\"\">FTG-Info Landwirtschaft<\/a>\n    <\/span>\n                <span class=\"feed-date\">\n        Published on: 2025-12-03\n    <\/span>\n            \n        <\/div>\n\n        \n    <\/li>    <li class=\"wpra-item feed-item \">\n        <a href=\"https:\/\/www.ndr.de\/nachrichten\/niedersachsen\/lueneburg_heide_unterelbe\/landwirtschaft-ohne-pestizide-bilanz-eines-forschungsprojekts,landwirtschaft-166.html\" class=\"\" target=\"_blank\" rel=\"noopener noreferrer nofollow\" style=\"\">Landwirtschaft ohne Pestizide: Bilanz eines Forschungsprojekts<\/a>\n\n        <div class=\"wprss-feed-meta\">\n                <span class=\"feed-source\">\n        Source: <a href=\"http:\/\/www.bing.com\/news\/search?q=Landwirtschaft&amp;go=Senden&amp;qs=n&amp;form=QBNT&amp;pq=Landwirtschaft&amp;sc=0-15&amp;sp=-1&amp;sk=&amp;format=RSS\" class=\"\" target=\"_blank\" rel=\"noopener noreferrer nofollow\" style=\"\">FTG-Info Landwirtschaft<\/a>\n    <\/span>\n                <span class=\"feed-date\">\n        Published on: 2025-12-03\n    <\/span>\n            \n        <\/div>\n\n        \n    <\/li>    <li class=\"wpra-item feed-item \">\n        <a href=\"https:\/\/www.mainpost.de\/wuerzburg\/landkreiswuerzburg\/rottendorf-elf-neue-meister-der-landwirtschaft-im-regierungsbezirk-unterfranken-112201301\" class=\"\" target=\"_blank\" rel=\"noopener noreferrer nofollow\" style=\"\">Elf neue Meister der Landwirtschaft im Regierungsbezirk Unterfranken<\/a>\n\n        <div class=\"wprss-feed-meta\">\n                <span class=\"feed-source\">\n        Source: <a href=\"http:\/\/www.bing.com\/news\/search?q=Landwirtschaft&amp;go=Senden&amp;qs=n&amp;form=QBNT&amp;pq=Landwirtschaft&amp;sc=0-15&amp;sp=-1&amp;sk=&amp;format=RSS\" class=\"\" target=\"_blank\" rel=\"noopener noreferrer nofollow\" style=\"\">FTG-Info Landwirtschaft<\/a>\n    <\/span>\n                <span class=\"feed-date\">\n        Published on: 2025-12-02\n    <\/span>\n            \n        <\/div>\n\n        \n    <\/li>\n        <\/ul>\n    <\/div> <\/div>\r\n                            <\/div>\r\n                        <\/div>\n","protected":false},"excerpt":{"rendered":"<p>Fabel haft, dass Sie bei mir vorbei schauen! Sch\u00f6n`gauden Dach! Sie halten landwirtschaftliche Nutztiere und wollen, dass es ihnen gut geht? Ich helfe Ihnen bei Problemen und unterst\u00fctze Sie gerne! Sie haben&nbsp;die M\u00f6glichkeit, per Telefon&nbsp; E-Mailkontakt mir Ihre Sorgen mitzuteilen \u2013 ich bin f\u00fcr Sie da! Nat\u00fcrlich k\u00f6nnen Sie die angebotenen Produkte auch bestellen. Informieren [&hellip;]<\/p>\n","protected":false},"author":1,"featured_media":0,"parent":0,"menu_order":0,"comment_status":"closed","ping_status":"closed","template":"","meta":{"ngg_post_thumbnail":0,"footnotes":""},"class_list":["post-2","page","type-page","status-publish","hentry"],"_links":{"self":[{"href":"https:\/\/www.fabels-tierglueck.de\/CMS\/wp-json\/wp\/v2\/pages\/2","targetHints":{"allow":["GET"]}}],"collection":[{"href":"https:\/\/www.fabels-tierglueck.de\/CMS\/wp-json\/wp\/v2\/pages"}],"about":[{"href":"https:\/\/www.fabels-tierglueck.de\/CMS\/wp-json\/wp\/v2\/types\/page"}],"author":[{"embeddable":true,"href":"https:\/\/www.fabels-tierglueck.de\/CMS\/wp-json\/wp\/v2\/users\/1"}],"replies":[{"embeddable":true,"href":"https:\/\/www.fabels-tierglueck.de\/CMS\/wp-json\/wp\/v2\/comments?post=2"}],"version-history":[{"count":48,"href":"https:\/\/www.fabels-tierglueck.de\/CMS\/wp-json\/wp\/v2\/pages\/2\/revisions"}],"predecessor-version":[{"id":1227,"href":"https:\/\/www.fabels-tierglueck.de\/CMS\/wp-json\/wp\/v2\/pages\/2\/revisions\/1227"}],"wp:attachment":[{"href":"https:\/\/www.fabels-tierglueck.de\/CMS\/wp-json\/wp\/v2\/media?parent=2"}],"curies":[{"name":"wp","href":"https:\/\/api.w.org\/{rel}","templated":true}]}}