{"id":9,"date":"2014-01-19T18:05:40","date_gmt":"2014-01-19T17:05:40","guid":{"rendered":"http:\/\/www.fabels-tierglueck.de\/CMS\/?page_id=9"},"modified":"2021-02-06T16:09:07","modified_gmt":"2021-02-06T15:09:07","slug":"kontakt","status":"publish","type":"page","link":"https:\/\/www.fabels-tierglueck.de\/CMS\/kontakt\/","title":{"rendered":"Kontakt"},"content":{"rendered":"<p><strong>Fragen? Informationen? Beratung? Bestellung?<\/strong><\/p>\n<p>Ich habe die L\u00f6sung Ihrer Probleme! \u00dcber dieses Formular k\u00f6nnen Sie direkt und ohne Umwege Kontakt mit mir aufnehmen. Ich werde mich umgehend mit Ihnen in Verbindung setzen. Die Daten\u00fcbertragung erfolgt mittels einer SSL-Verschl\u00fcsselung.<\/p>\n\n\n<!-- Fast Secure Contact Form plugin 4.0.52 - begin - FastSecureContactForm.com -->\r\n<div style=\"clear:both;\"><\/div>\n\r\n<div id=\"FSContact1\" style=\"width:99%; max-width:555px;\">\r\n<form action=\"https:\/\/www.fabels-tierglueck.de\/CMS\/wp-json\/wp\/v2\/pages\/9#FSContact1\" id=\"fscf_form1\" method=\"post\">\r\n\n<div id=\"fscf_required1\">\n  <span style=\"text-align:left;\">*<\/span> <span style=\"text-align:left;\">Eingabe erforderlich<\/span>\n<\/div>\n\n\n<div id=\"fscf_div_clear1_0\" style=\"clear:both;\">\n  <div id=\"fscf_div_field1_0\" style=\"clear:left; float:left; width:99%; max-width:550px; margin-right:10px;\">\r\n    <div style=\"text-align:left; padding-top:5px;\">\n      <label style=\"text-align:left;\" for=\"fscf_name1\">Name:<span style=\"text-align:left;\">*<\/span><\/label>\n    <\/div>\r\n    <div style=\"text-align:left;\">\r\n      <input style=\"text-align:left; margin:0; width:99%; max-width:250px;\" type=\"text\" id=\"fscf_name1\" name=\"full_name\" value=\"\"  size=\"200\" readonly=\"readonly\" \/>\r\n    <\/div>\r\n  <\/div>\n<\/div>\n\n<div id=\"fscf_div_clear1_5\" style=\"clear:both;\">\n  <div id=\"fscf_div_field1_5\" style=\"clear:left; float:left; width:99%; max-width:550px; margin-right:10px;\">\n    <div  id=\"fscf_label1_5\" style=\"text-align:left; padding-top:5px;\">\r\n      <label style=\"text-align:left;\" for=\"fscf_field1_5\">Stra\u00dfe:<span style=\"text-align:left;\">*<\/span><\/label>\n    <\/div>\n    <div style=\"text-align:left;\">\n      <input style=\"text-align:left; margin:0; width:99%; max-width:250px;\" type=\"text\" id=\"fscf_field1_5\" name=\"anschrift\" value=\"\"  \/>\n    <\/div>\n  <\/div>\n<\/div>\n\n<div id=\"fscf_div_clear1_8\" style=\"clear:both;\">\n  <div id=\"fscf_div_field1_8\" style=\"clear:left; float:left; width:99%; max-width:550px; margin-right:10px;\">\n    <div  id=\"fscf_label1_8\" style=\"text-align:left; padding-top:5px;\">\r\n      <label style=\"text-align:left;\" for=\"fscf_field1_8\">PLZ, Ort<\/label>\n    <\/div>\n    <div style=\"text-align:left;\">\n      <input style=\"text-align:left; margin:0; width:99%; max-width:250px;\" type=\"text\" id=\"fscf_field1_8\" name=\"plz-ort\" value=\"\"  \/>\n    <\/div>\n  <\/div>\n<\/div>\n\n<div id=\"fscf_div_clear1_4\" style=\"clear:both;\">\n  <div id=\"fscf_div_field1_4\" style=\"clear:left; float:left; width:99%; max-width:550px; margin-right:10px;\">\n    <div  id=\"fscf_label1_4\" style=\"text-align:left; padding-top:5px;\">\r\n      <label style=\"text-align:left;\" for=\"fscf_field1_4\">Telefonnummer:<span style=\"text-align:left;\">*<\/span><\/label>\n    <\/div>\n    <div style=\"text-align:left;\">\n      <input style=\"text-align:left; margin:0; width:99%; max-width:250px;\" type=\"text\" id=\"fscf_field1_4\" name=\"telefonnummer\" value=\"\"  \/>\n    <\/div>\n  <\/div>\n<\/div>\n\n<div id=\"fscf_div_clear1_7\" style=\"clear:both;\">\n  <div id=\"fscf_div_field1_7\" style=\"clear:left; float:left; width:99%; max-width:550px; margin-right:10px;\">\n    <div  id=\"fscf_label1_7\" style=\"text-align:left; padding-top:5px;\">\r\n      <label style=\"text-align:left;\" for=\"fscf_field1_7\">Fax:<\/label>\n    <\/div>\n    <div style=\"text-align:left;\">\n      <input style=\"text-align:left; margin:0; width:99%; max-width:250px;\" type=\"text\" id=\"fscf_field1_7\" name=\"fax\" value=\"\"  \/>\n    <\/div>\n  <\/div>\n<\/div>\n\n<div id=\"fscf_div_clear1_1\" style=\"clear:both;\">\n  <div id=\"fscf_div_field1_1\" style=\"clear:left; float:left; width:99%; max-width:550px; margin-right:10px;\">\n    <div style=\"text-align:left; padding-top:5px;\">\n      <label style=\"text-align:left;\" for=\"fscf_email1\">Email:<\/label>\n    <\/div>\n    <div style=\"text-align:left;\">\n      <input style=\"text-align:left; margin:0; width:99%; max-width:250px;\" type=\"text\" id=\"fscf_email1\" name=\"email\" value=\"\"  readonly=\"readonly\" \/>\n    <\/div>\n  <\/div>\n<\/div>\n\n<div id=\"fscf_div_clear1_6\" style=\"clear:both;\">\n  <div id=\"fscf_div_field1_6\" style=\"clear:left; float:left; width:99%; max-width:550px; margin-right:10px;\">\n\n    <div style=\"clear:both;\"><\/div>\n<hr><strong>Ich m\u00f6chte Informationen zu folgenden Produkten:<\/strong>\n\n    <div  id=\"fscf_label1_6\" style=\"text-align:left; padding-top:5px;\">\n    <\/div>\n    <div style=\"text-align:left;\">\n      <span><input type=\"checkbox\" style=\"width:13px;\" id=\"fscf_field1_6_1\" name=\"bitte-schicken-sie-mir-informationsmater[1]\" value=\"1\" \/> <label style=\"display:inline;\" for=\"fscf_field1_6_1\">Zitzendipmittel<\/label><\/span><br \/>\n      <span><input type=\"checkbox\" style=\"width:13px;\" id=\"fscf_field1_6_2\" name=\"bitte-schicken-sie-mir-informationsmater[2]\" value=\"2\" \/> <label style=\"display:inline;\" for=\"fscf_field1_6_2\">Euter- und Hautpflege<\/label><\/span><br \/>\n      <span><input type=\"checkbox\" style=\"width:13px;\" id=\"fscf_field1_6_3\" name=\"bitte-schicken-sie-mir-informationsmater[3]\" value=\"3\" \/> <label style=\"display:inline;\" for=\"fscf_field1_6_3\">Klauengesundheit<\/label><\/span><br \/>\n      <span><input type=\"checkbox\" style=\"width:13px;\" id=\"fscf_field1_6_4\" name=\"bitte-schicken-sie-mir-informationsmater[4]\" value=\"4\" \/> <label style=\"display:inline;\" for=\"fscf_field1_6_4\">Klinofeed<\/label><\/span><br \/>\n      <span><input type=\"checkbox\" style=\"width:13px;\" id=\"fscf_field1_6_5\" name=\"bitte-schicken-sie-mir-informationsmater[5]\" value=\"5\" \/> <label style=\"display:inline;\" for=\"fscf_field1_6_5\">Rotalgenkalk<\/label><\/span><br \/>\n      <span><input type=\"checkbox\" style=\"width:13px;\" id=\"fscf_field1_6_6\" name=\"bitte-schicken-sie-mir-informationsmater[6]\" value=\"6\" \/> <label style=\"display:inline;\" for=\"fscf_field1_6_6\">KalboSTART-Plus<\/label><\/span><br \/>\n      <span><input type=\"checkbox\" style=\"width:13px;\" id=\"fscf_field1_6_7\" name=\"bitte-schicken-sie-mir-informationsmater[7]\" value=\"7\" \/> <label style=\"display:inline;\" for=\"fscf_field1_6_7\">Reiniger<\/label><\/span><br \/>\n      <span><input type=\"checkbox\" style=\"width:13px;\" id=\"fscf_field1_6_8\" name=\"bitte-schicken-sie-mir-informationsmater[8]\" value=\"8\" \/> <label style=\"display:inline;\" for=\"fscf_field1_6_8\">Desinfektionsmittel<\/label><\/span><br \/>\n      <span><input type=\"checkbox\" style=\"width:13px;\" id=\"fscf_field1_6_9\" name=\"bitte-schicken-sie-mir-informationsmater[9]\" value=\"9\" \/> <label style=\"display:inline;\" for=\"fscf_field1_6_9\">Ungezieferbek\u00e4mpfung<\/label><\/span>\n    <\/div>\n\n    <div style=\"clear:both;\"><\/div>\n<hr>\n\n  <\/div>\n<\/div>\n\n<div id=\"fscf_div_clear1_9\" style=\"clear:both;\">\n  <div id=\"fscf_div_field1_9\" style=\"clear:left; float:left; width:99%; max-width:550px; margin-right:10px;\">\n    <div  id=\"fscf_label1_9\" style=\"text-align:left; padding-top:5px;\">\r\n      <label style=\"text-align:left;\" for=\"fscf_field1_9\">Kontaktieren Sie mich bitte via:<\/label>\n    <\/div>\n    <div style=\"text-align:left;\">\n      <span><input type=\"radio\" style=\"width:13px;\" id=\"fscf_field1_9_1\" name=\"kontaktieren-sie-mich-via\" value=\"1\" \/> <label style=\"display:inline;\" for=\"fscf_field1_9_1\">Telefon<\/label><\/span><br \/>\n      <span><input type=\"radio\" style=\"width:13px;\" id=\"fscf_field1_9_2\" name=\"kontaktieren-sie-mich-via\" value=\"2\" \/> <label style=\"display:inline;\" for=\"fscf_field1_9_2\">E-Mail<\/label><\/span>\n    <\/div>\n  <\/div>\n<\/div>\n\n<div id=\"fscf_div_clear1_2\" style=\"clear:both;\">\n  <div id=\"fscf_div_field1_2\" style=\"clear:left; float:left; width:99%; max-width:550px; margin-right:10px;\">\n    <div style=\"text-align:left; padding-top:5px;\">\n      <label style=\"text-align:left;\" for=\"fscf_field1_2\">Betreff:<span style=\"text-align:left;\">*<\/span><\/label>\n    <\/div>\n    <div style=\"text-align:left;\">\n      <input style=\"text-align:left; margin:0; width:99%; max-width:250px;\" type=\"text\" id=\"fscf_field1_2\" name=\"subject\" value=\"\"  \/>\n    <\/div>\n  <\/div>\n<\/div>\n\n<div id=\"fscf_div_clear1_3\" style=\"clear:both;\">\n  <div id=\"fscf_div_field1_3\" style=\"clear:left; float:left; width:99%; max-width:550px; margin-right:10px;\">\n    <div style=\"text-align:left; padding-top:5px;\">\n      <label style=\"text-align:left;\" for=\"fscf_field1_3\">Nachricht:<span style=\"text-align:left;\">*<\/span><\/label>\n    <\/div>\n    <div style=\"text-align:left;\">\n      <textarea style=\"text-align:left; margin:0; width:99%; max-width:250px; height:120px;\" id=\"fscf_field1_3\" name=\"message\" cols=\"30\" rows=\"10\" ><\/textarea>\n    <\/div>\n  <\/div>\n<\/div>\n\n<div id=\"fscf_div_clear1_10\" style=\"clear:both;\">\n  <div id=\"fscf_div_field1_10\" style=\"clear:left; float:left; width:99%; max-width:550px; margin-right:10px;\">\n    <div  id=\"fscf_label1_10\" style=\"text-align:left; padding-top:5px;\">\n    <\/div>\n    <div style=\"text-align:left;\">\n      <span><input type=\"checkbox\" style=\"width:13px;\" id=\"fscf_field1_10\" name=\"Bestaetigung-gemaess-DSGVO\" value=\"1\" \/> <label style=\"display:inline;\" for=\"fscf_field1_10\">Einwilligung nach Art.7 DSGVO<span style=\"text-align:left;\">*<\/span><\/label><\/span>\n    <\/div>\n\n    <div style=\"clear:both;\"><\/div>\nIch willige hiermit ausdr\u00fccklich ein, dass meine Daten aus dem Kontaktformular zur Beantwortung meiner Anfrage verarbeitet werden. Detaillierte Informationen zum Thema Datenschutz finden Sie in unserer\r\n<a href=\"https:\/\/www.fabels-tierglueck.de\/CMS\/impressum\/\"><strong>Datenschutzerkl\u00e4rung<\/strong><\/a><br>\r\n<hr>\n\n  <\/div>\n<\/div>\r\n<div style=\"clear:both;\"><\/div>\n\n<div id=\"fscf_submit_div1\" style=\"text-align:left; clear:both; padding-top:15px;\">\r\n\t\t<input type=\"submit\" id=\"fscf_submit1\" style=\"cursor:pointer; margin:0;\" value=\"senden\"  onclick=\"this.disabled=true; this.value='Submitting...'; this.form.submit();\" \/> <input type=\"reset\" id=\"fscf_reset1\" style=\"cursor:pointer; margin:0;\" value=\"l\u00f6schen\" onclick=\"return confirm('Wollen Sie das Formular wirklich zur\u00fccksetzen?')\" \/>\n<\/div>\n\n<input type=\"hidden\" name=\"fscf_submitted\" value=\"0\" \/>\n<input type=\"hidden\" name=\"fs_postonce_1\" value=\"ec392f3377c13a4c4d61ec3cf7423677,1776339803\" \/>\n<input type=\"hidden\" name=\"si_contact_action\" value=\"send\" \/>\n<input type=\"hidden\" name=\"form_id\" value=\"1\" \/>\n<input type=\"hidden\" name=\"mailto_id\" value=\"1\" \/>\n\n<\/form>\n<\/div>\r\n<div style=\"clear:both;\"><\/div>\n\n<!-- Fast Secure Contact Form plugin 4.0.52 - end - FastSecureContactForm.com -->\n\n<p><img loading=\"lazy\" decoding=\"async\" class=\"wp-image-693 alignright\" src=\"https:\/\/www.fabels-tierglueck.de\/CMS\/wp-content\/uploads\/2018\/03\/ssl_cert_logo-174x174.png\" alt=\"\" width=\"100\" height=\"100\" srcset=\"https:\/\/www.fabels-tierglueck.de\/CMS\/wp-content\/uploads\/2018\/03\/ssl_cert_logo-174x174.png 174w, https:\/\/www.fabels-tierglueck.de\/CMS\/wp-content\/uploads\/2018\/03\/ssl_cert_logo-75x75.png 75w, https:\/\/www.fabels-tierglueck.de\/CMS\/wp-content\/uploads\/2018\/03\/ssl_cert_logo.png 200w\" sizes=\"auto, (max-width: 100px) 100vw, 100px\" \/><\/p>\n","protected":false},"excerpt":{"rendered":"<p>Fragen? Informationen? Beratung? Bestellung? Ich habe die L\u00f6sung Ihrer Probleme! \u00dcber dieses Formular k\u00f6nnen Sie direkt und ohne Umwege Kontakt mit mir aufnehmen. Ich werde mich umgehend mit Ihnen in Verbindung setzen. Die Daten\u00fcbertragung erfolgt mittels einer SSL-Verschl\u00fcsselung.<\/p>\n","protected":false},"author":1,"featured_media":0,"parent":0,"menu_order":2,"comment_status":"closed","ping_status":"closed","template":"","meta":{"ngg_post_thumbnail":0,"footnotes":""},"class_list":["post-9","page","type-page","status-publish","hentry"],"_links":{"self":[{"href":"https:\/\/www.fabels-tierglueck.de\/CMS\/wp-json\/wp\/v2\/pages\/9","targetHints":{"allow":["GET"]}}],"collection":[{"href":"https:\/\/www.fabels-tierglueck.de\/CMS\/wp-json\/wp\/v2\/pages"}],"about":[{"href":"https:\/\/www.fabels-tierglueck.de\/CMS\/wp-json\/wp\/v2\/types\/page"}],"author":[{"embeddable":true,"href":"https:\/\/www.fabels-tierglueck.de\/CMS\/wp-json\/wp\/v2\/users\/1"}],"replies":[{"embeddable":true,"href":"https:\/\/www.fabels-tierglueck.de\/CMS\/wp-json\/wp\/v2\/comments?post=9"}],"version-history":[{"count":33,"href":"https:\/\/www.fabels-tierglueck.de\/CMS\/wp-json\/wp\/v2\/pages\/9\/revisions"}],"predecessor-version":[{"id":1074,"href":"https:\/\/www.fabels-tierglueck.de\/CMS\/wp-json\/wp\/v2\/pages\/9\/revisions\/1074"}],"wp:attachment":[{"href":"https:\/\/www.fabels-tierglueck.de\/CMS\/wp-json\/wp\/v2\/media?parent=9"}],"curies":[{"name":"wp","href":"https:\/\/api.w.org\/{rel}","templated":true}]}}